{"id":31,"date":"2025-07-27T08:57:50","date_gmt":"2025-07-27T08:57:50","guid":{"rendered":"https:\/\/opsfa2026.web.uah.es\/?page_id=31"},"modified":"2026-01-12T10:59:16","modified_gmt":"2026-01-12T10:59:16","slug":"board","status":"publish","type":"page","link":"https:\/\/opsfa2026.web.uah.es\/index.php\/board\/","title":{"rendered":"Committees"},"content":{"rendered":"\n<h1 class=\"wp-block-heading\">Organizing Committee<\/h1>\n\n\n\n<p><strong>Am\u00edlcar Branquinho<\/strong> (Universidade de Coimbra, Portugal).<\/p>\n\n\n\n<p><strong>Manuel Dom\u00ednguez de la Iglesia<\/strong> (Universidad de Alcal\u00e1, Spain).<\/p>\n\n\n\n<p><strong>Ana Foulqui\u00e9 Moreno<\/strong> (Universidade de Aveiro, Portugal).<\/p>\n\n\n\n<p><strong>Edmundo Huertas Cejudo<\/strong> (Universidad de Alcal\u00e1, Spain).<\/p>\n\n\n\n<p><strong>Alberto Lastra Sedano<\/strong> (Universidad de Alcal\u00e1, Spain).<\/p>\n\n\n\n<p><strong>Manuel Ma\u00f1as Baena<\/strong> (Universidad Complutense de Madrid, Spain).<\/p>\n\n\n\n<h1 class=\"wp-block-heading\">Steering Committee<\/h1>\n\n\n\n<p><strong>Ana F. Loureiro <\/strong>(School of Mathematics, Statistics and Actuarial Science, University of Kent, UK)<\/p>\n\n\n\n<p><strong>Howard Cohl <\/strong>(National Institute of Standards and Technology (NIST), USA)<\/p>\n\n\n\n<p><strong>Teresa Per\u00e9z <\/strong>(Universidad de Granada, Spain)<\/p>\n\n\n\n<p><strong>Luc Vinet <\/strong>(IVADO &amp; University of Montreal, Canada)<\/p>\n","protected":false},"excerpt":{"rendered":"<p>Organizing Committee Am\u00edlcar Branquinho (Universidade de Coimbra, Portugal). Manuel Dom\u00ednguez de la Iglesia (Universidad de Alcal\u00e1, Spain). Ana Foulqui\u00e9 Moreno (Universidade de Aveiro, Portugal). Edmundo Huertas Cejudo (Universidad de Alcal\u00e1, Spain). Alberto Lastra Sedano (Universidad de Alcal\u00e1, Spain). Manuel Ma\u00f1as Baena (Universidad Complutense de Madrid, Spain). Steering Committee Ana F. Loureiro (School of Mathematics, Statistics [&hellip;]<\/p>\n","protected":false},"author":1,"featured_media":0,"parent":0,"menu_order":2,"comment_status":"closed","ping_status":"closed","template":"page-templates\/full-width.php","meta":{"footnotes":""},"class_list":["post-31","page","type-page","status-publish","hentry"],"_links":{"self":[{"href":"https:\/\/opsfa2026.web.uah.es\/index.php\/wp-json\/wp\/v2\/pages\/31","targetHints":{"allow":["GET"]}}],"collection":[{"href":"https:\/\/opsfa2026.web.uah.es\/index.php\/wp-json\/wp\/v2\/pages"}],"about":[{"href":"https:\/\/opsfa2026.web.uah.es\/index.php\/wp-json\/wp\/v2\/types\/page"}],"author":[{"embeddable":true,"href":"https:\/\/opsfa2026.web.uah.es\/index.php\/wp-json\/wp\/v2\/users\/1"}],"replies":[{"embeddable":true,"href":"https:\/\/opsfa2026.web.uah.es\/index.php\/wp-json\/wp\/v2\/comments?post=31"}],"version-history":[{"count":4,"href":"https:\/\/opsfa2026.web.uah.es\/index.php\/wp-json\/wp\/v2\/pages\/31\/revisions"}],"predecessor-version":[{"id":204,"href":"https:\/\/opsfa2026.web.uah.es\/index.php\/wp-json\/wp\/v2\/pages\/31\/revisions\/204"}],"wp:attachment":[{"href":"https:\/\/opsfa2026.web.uah.es\/index.php\/wp-json\/wp\/v2\/media?parent=31"}],"curies":[{"name":"wp","href":"https:\/\/api.w.org\/{rel}","templated":true}]}}